{"id":1603,"date":"2019-03-26T19:36:59","date_gmt":"2019-03-26T18:36:59","guid":{"rendered":"http:\/\/www.baumelesmessieurs.fr\/?page_id=1603"},"modified":"2024-03-23T07:00:54","modified_gmt":"2024-03-23T07:00:54","slug":"passeport","status":"publish","type":"page","link":"https:\/\/abbayebaumelesmessieurs.fr\/blm\/passeport\/","title":{"rendered":"Passeport grottes et abbaye"},"content":{"rendered":"<style>.kb-row-layout-id1603_8adc06-b5 > .kt-row-column-wrap{align-content:start;}:where(.kb-row-layout-id1603_8adc06-b5 > .kt-row-column-wrap) > .wp-block-kadence-column{justify-content:start;}.kb-row-layout-id1603_8adc06-b5 > .kt-row-column-wrap{column-gap:var(--global-kb-gap-md, 2rem);row-gap:var(--global-kb-gap-md, 2rem);padding-top:var(--global-kb-spacing-sm, 1.5rem);padding-bottom:var(--global-kb-spacing-sm, 1.5rem);grid-template-columns:minmax(0, 2fr) minmax(0, 1fr);}.kb-row-layout-id1603_8adc06-b5 > .kt-row-layout-overlay{opacity:0.30;}@media all and (max-width: 1024px){.kb-row-layout-id1603_8adc06-b5 > .kt-row-column-wrap{grid-template-columns:minmax(0, 2fr) minmax(0, 1fr);}}@media all and (max-width: 767px){.kb-row-layout-id1603_8adc06-b5 > .kt-row-column-wrap{grid-template-columns:minmax(0, 1fr);}}<\/style><div class=\"kb-row-layout-wrap kb-row-layout-id1603_8adc06-b5 alignnone wp-block-kadence-rowlayout\"><div class=\"kt-row-column-wrap kt-has-2-columns kt-row-layout-left-golden kt-tab-layout-inherit kt-mobile-layout-row kt-row-valign-top\">\n<style>.kadence-column1603_20abeb-fc > .kt-inside-inner-col,.kadence-column1603_20abeb-fc > .kt-inside-inner-col:before{border-top-left-radius:0px;border-top-right-radius:0px;border-bottom-right-radius:0px;border-bottom-left-radius:0px;}.kadence-column1603_20abeb-fc > .kt-inside-inner-col{column-gap:var(--global-kb-gap-sm, 1rem);}.kadence-column1603_20abeb-fc > .kt-inside-inner-col{flex-direction:column;}.kadence-column1603_20abeb-fc > .kt-inside-inner-col > .aligncenter{width:100%;}.kadence-column1603_20abeb-fc > .kt-inside-inner-col:before{opacity:0.3;}.kadence-column1603_20abeb-fc{position:relative;}@media all and (max-width: 1024px){.kadence-column1603_20abeb-fc > .kt-inside-inner-col{flex-direction:column;}}@media all and (max-width: 767px){.kadence-column1603_20abeb-fc > .kt-inside-inner-col{flex-direction:column;}}<\/style>\n<div class=\"wp-block-kadence-column kadence-column1603_20abeb-fc\"><div class=\"kt-inside-inner-col\"><style>.kb-row-layout-id1603_dc4226-7a > .kt-row-column-wrap{align-content:center;}:where(.kb-row-layout-id1603_dc4226-7a > .kt-row-column-wrap) > .wp-block-kadence-column{justify-content:center;}.kb-row-layout-id1603_dc4226-7a > .kt-row-column-wrap{column-gap:var(--global-kb-gap-md, 2rem);row-gap:var(--global-kb-gap-md, 2rem);padding-top:33px;padding-right:33px;padding-bottom:33px;padding-left:33px;grid-template-columns:minmax(0, calc(70% - ((var(--global-kb-gap-md, 2rem) * 1 )\/2)))minmax(0, calc(30% - ((var(--global-kb-gap-md, 2rem) * 1 )\/2)));}.kb-row-layout-id1603_dc4226-7a > .kt-row-layout-overlay{opacity:0.30;}@media all and (max-width: 1024px){.kb-row-layout-id1603_dc4226-7a > .kt-row-column-wrap{grid-template-columns:minmax(0, 2fr) minmax(0, 1fr);}}@media all and (max-width: 767px){.kb-row-layout-id1603_dc4226-7a > .kt-row-column-wrap{grid-template-columns:minmax(0, 1fr);}}<\/style><div class=\"kb-row-layout-wrap kb-row-layout-id1603_dc4226-7a alignnone has-theme-palette7-background-color kt-row-has-bg wp-block-kadence-rowlayout\"><div class=\"kt-row-column-wrap kt-has-2-columns kt-row-layout-left-golden kt-tab-layout-inherit kt-mobile-layout-row kt-row-valign-middle\">\n<style>.kadence-column1603_3d6cf4-d4 > .kt-inside-inner-col,.kadence-column1603_3d6cf4-d4 > .kt-inside-inner-col:before{border-top-left-radius:0px;border-top-right-radius:0px;border-bottom-right-radius:0px;border-bottom-left-radius:0px;}.kadence-column1603_3d6cf4-d4 > .kt-inside-inner-col{column-gap:var(--global-kb-gap-sm, 1rem);}.kadence-column1603_3d6cf4-d4 > .kt-inside-inner-col{flex-direction:column;}.kadence-column1603_3d6cf4-d4 > .kt-inside-inner-col > .aligncenter{width:100%;}.kadence-column1603_3d6cf4-d4 > .kt-inside-inner-col:before{opacity:0.3;}.kadence-column1603_3d6cf4-d4{position:relative;}@media all and (max-width: 1024px){.kadence-column1603_3d6cf4-d4 > .kt-inside-inner-col{flex-direction:column;}}@media all and (max-width: 767px){.kadence-column1603_3d6cf4-d4 > .kt-inside-inner-col{flex-direction:column;}}<\/style>\n<div class=\"wp-block-kadence-column kadence-column1603_3d6cf4-d4\"><div class=\"kt-inside-inner-col\"><style>.wp-block-kadence-advancedheading.kt-adv-heading1603_73c48d-77, .wp-block-kadence-advancedheading.kt-adv-heading1603_73c48d-77[data-kb-block=\"kb-adv-heading1603_73c48d-77\"]{font-size:var(--global-kb-font-size-lg, 2rem);font-style:normal;}.wp-block-kadence-advancedheading.kt-adv-heading1603_73c48d-77 mark.kt-highlight, .wp-block-kadence-advancedheading.kt-adv-heading1603_73c48d-77[data-kb-block=\"kb-adv-heading1603_73c48d-77\"] mark.kt-highlight{font-style:normal;color:#f76a0c;-webkit-box-decoration-break:clone;box-decoration-break:clone;padding-top:0px;padding-right:0px;padding-bottom:0px;padding-left:0px;}<\/style>\n<h1 class=\"kt-adv-heading1603_73c48d-77 wp-block-kadence-advancedheading\" data-kb-block=\"kb-adv-heading1603_73c48d-77\">Passeport grottes&nbsp;<em>et<\/em>&nbsp;abbaye<\/h1>\n\n\n\n<h3 class=\"wp-block-heading\">Pr\u00e8s de 20% de r\u00e9duction quand vous visitez les deux<\/h3>\n<\/div><\/div>\n\n\n<style>.kadence-column1603_6b79e8-f4 > .kt-inside-inner-col,.kadence-column1603_6b79e8-f4 > .kt-inside-inner-col:before{border-top-left-radius:0px;border-top-right-radius:0px;border-bottom-right-radius:0px;border-bottom-left-radius:0px;}.kadence-column1603_6b79e8-f4 > .kt-inside-inner-col{column-gap:var(--global-kb-gap-sm, 1rem);}.kadence-column1603_6b79e8-f4 > .kt-inside-inner-col{flex-direction:column;}.kadence-column1603_6b79e8-f4 > .kt-inside-inner-col > .aligncenter{width:100%;}.kadence-column1603_6b79e8-f4 > .kt-inside-inner-col:before{opacity:0.3;}.kadence-column1603_6b79e8-f4{position:relative;}@media all and (max-width: 1024px){.kadence-column1603_6b79e8-f4 > .kt-inside-inner-col{flex-direction:column;}}@media all and (max-width: 767px){.kadence-column1603_6b79e8-f4 > .kt-inside-inner-col{flex-direction:column;}}<\/style>\n<div class=\"wp-block-kadence-column kadence-column1603_6b79e8-f4\"><div class=\"kt-inside-inner-col\"><style>.kb-image1603_f6e310-00.kb-image-is-ratio-size, .kb-image1603_f6e310-00 .kb-image-is-ratio-size{max-width:171px;width:100%;}.wp-block-kadence-column > .kt-inside-inner-col > .kb-image1603_f6e310-00.kb-image-is-ratio-size, .wp-block-kadence-column > .kt-inside-inner-col > .kb-image1603_f6e310-00 .kb-image-is-ratio-size{align-self:unset;}.kb-image1603_f6e310-00 figure{max-width:171px;}.kb-image1603_f6e310-00 .image-is-svg, .kb-image1603_f6e310-00 .image-is-svg img{width:100%;}.kb-image1603_f6e310-00 .kb-image-has-overlay:after{opacity:0.3;}<\/style>\n<div class=\"wp-block-kadence-image kb-image1603_f6e310-00\"><figure class=\"aligncenter size-full kb-image-is-ratio-size\"><div class=\"kb-is-ratio-image kb-image-ratio-square\"><img loading=\"lazy\" decoding=\"async\" width=\"400\" height=\"400\" src=\"https:\/\/abbayebaumelesmessieurs.fr\/wp-content\/uploads\/sites\/4\/2024\/03\/circles-copy-1.png\" alt=\"\" class=\"kb-img wp-image-26598\" srcset=\"https:\/\/abbayebaumelesmessieurs.fr\/blm\/wp-content\/uploads\/sites\/4\/2024\/03\/circles-copy-1.png 400w, https:\/\/abbayebaumelesmessieurs.fr\/blm\/wp-content\/uploads\/sites\/4\/2024\/03\/circles-copy-1-300x300.png 300w, https:\/\/abbayebaumelesmessieurs.fr\/blm\/wp-content\/uploads\/sites\/4\/2024\/03\/circles-copy-1-150x150.png 150w\" sizes=\"auto, (max-width: 400px) 100vw, 400px\" \/><\/div><\/figure><\/div>\n<\/div><\/div>\n\n<\/div><\/div>\n\n\n<h3 class=\"wp-block-heading\">Profitez de notre&nbsp;passeport et b\u00e9n\u00e9ficiez d\u2019un&nbsp;<strong>tarif r\u00e9duit<\/strong>&nbsp;pour les visites grottes&nbsp;<strong>et<\/strong>&nbsp;abbaye<\/h3>\n\n\n\n<ul class=\"wp-block-list\">\n<li>Adultes<strong>&nbsp; 15.50 \u20ac<\/strong>&nbsp;\/ pers.<\/li>\n\n\n\n<li>Enfant de 6 \u00e0 12 ans<strong>&nbsp;8.50 \u20ac<\/strong>&nbsp;\/ pers.<\/li>\n\n\n\n<li>Groupe adultes (minimum de 15 personnes)<strong>&nbsp;14.00 \u20ac<\/strong>&nbsp;\/ pers.<\/li>\n<\/ul>\n\n\n\n<h3 class=\"wp-block-heading\">Renseignements et r\u00e9servations<\/h3>\n\n\n\n<p><a href=\"http:\/\/www.baumelesmessieurs.fr\/contact\/\">CONTACTER L\u2019\u00c9QUIPE QUI VOUS RENSEIGNERA&nbsp;<\/a><\/p>\n\n\n\n<h3 class=\"wp-block-heading\">Visites guid\u00e9es de l\u2019Abbaye Imp\u00e9riale<\/h3>\n\n\n\n<ul class=\"wp-block-list\">\n<li><strong>Visites guid\u00e9es de l\u2019abbaye de 45\/60 minutes.&nbsp;<\/strong><\/li>\n\n\n\n<li><strong>D\u00e9couvrez les cours, le retable flamand du XVIe si\u00e8cle et la chapelle des tombeaux.<\/strong><\/li>\n<\/ul>\n\n\n\n<h3 class=\"wp-block-heading\">Les Grottes de Baume : Visites guid\u00e9es<\/h3>\n\n\n\n<ul class=\"wp-block-list\">\n<li><strong>Parmi les plus spectaculaires en Europe.&nbsp;<\/strong><\/li>\n\n\n\n<li><strong>D\u00e9couvrez des formations g\u00e9ologiques \u00e9tonnantes 1 km de galeries am\u00e9nag\u00e9es<\/strong><\/li>\n<\/ul>\n<\/div><\/div>\n\n\n<style>.kadence-column1603_f92c5a-6c > .kt-inside-inner-col{padding-top:var(--global-kb-spacing-xs, 1rem);padding-right:var(--global-kb-spacing-xs, 1rem);padding-bottom:var(--global-kb-spacing-xs, 1rem);padding-left:var(--global-kb-spacing-xs, 1rem);}.kadence-column1603_f92c5a-6c > .kt-inside-inner-col,.kadence-column1603_f92c5a-6c > .kt-inside-inner-col:before{border-top-left-radius:0px;border-top-right-radius:0px;border-bottom-right-radius:0px;border-bottom-left-radius:0px;}.kadence-column1603_f92c5a-6c > .kt-inside-inner-col{column-gap:var(--global-kb-gap-sm, 1rem);}.kadence-column1603_f92c5a-6c > .kt-inside-inner-col{flex-direction:column;}.kadence-column1603_f92c5a-6c > .kt-inside-inner-col > .aligncenter{width:100%;}.kadence-column1603_f92c5a-6c > .kt-inside-inner-col{background-color:#f2f7ed;}.kadence-column1603_f92c5a-6c > .kt-inside-inner-col:before{opacity:0.3;}.kadence-column1603_f92c5a-6c{position:relative;}@media all and (max-width: 1024px){.kadence-column1603_f92c5a-6c > .kt-inside-inner-col{flex-direction:column;}}@media all and (max-width: 767px){.kadence-column1603_f92c5a-6c > .kt-inside-inner-col{flex-direction:column;}}<\/style>\n<div class=\"wp-block-kadence-column kadence-column1603_f92c5a-6c\"><div class=\"kt-inside-inner-col\">\n<h2 class=\"wp-block-heading\">Pr\u00e8s de 20% de r\u00e9duction avec le Passeport<\/h2>\n\n\n\n<h1 class=\"wp-block-heading\">Visitez..<\/h1>\n\n\n\n<h3 class=\"wp-block-heading\"><a href=\"http:\/\/www.baumelesmessieurs.fr\/abbaye-de-baume-les-messieurs\/\">l\u2019Abbaye Imp\u00e9riale de Baume-les-Messieurs<\/a><\/h3>\n\n\n\n<p><img loading=\"lazy\" decoding=\"async\" src=\"http:\/\/www.baumelesmessieurs.fr\/wp-content\/uploads\/a1.jpg\" alt=\"\" width=\"1664\" height=\"644\"><br><strong>Visites guid\u00e9es (45\/60 mn) du 1er avril au 30 septembre<\/strong><\/p>\n\n\n\n<h1 class=\"wp-block-heading\">Plus!..<\/h1>\n\n\n\n<h3 class=\"wp-block-heading\"><a href=\"http:\/\/www.baumelesmessieurs.fr\/les-grottes-de-baume\/\">Les Grottes de Baume<\/a><\/h3>\n\n\n\n<p><img loading=\"lazy\" decoding=\"async\" src=\"http:\/\/www.baumelesmessieurs.fr\/wp-content\/uploads\/gh11.jpg\" alt=\"\" width=\"1664\" height=\"644\"><br><strong>Parmi les plus spectaculaires en Europe<\/strong><\/p>\n<\/div><\/div>\n\n<\/div><\/div>\n\n","protected":false},"excerpt":{"rendered":"<p>Passeport grottes&nbsp;et&nbsp;abbaye Pr\u00e8s de 20% de r\u00e9duction quand vous visitez les deux Profitez de notre&nbsp;passeport et b\u00e9n\u00e9ficiez d\u2019un&nbsp;tarif r\u00e9duit&nbsp;pour les visites grottes&nbsp;et&nbsp;abbaye Renseignements et r\u00e9servations CONTACTER L\u2019\u00c9QUIPE QUI VOUS RENSEIGNERA&nbsp; Visites guid\u00e9es de l\u2019Abbaye Imp\u00e9riale Les Grottes de Baume : Visites guid\u00e9es Pr\u00e8s de 20% de r\u00e9duction avec le Passeport Visitez.. l\u2019Abbaye Imp\u00e9riale de Baume-les-Messieurs&#8230;<\/p>\n","protected":false},"author":2,"featured_media":0,"parent":0,"menu_order":0,"comment_status":"closed","ping_status":"closed","template":"","meta":{"_acf_changed":false,"_kad_post_transparent":"","_kad_post_title":"","_kad_post_layout":"","_kad_post_sidebar_id":"","_kad_post_content_style":"","_kad_post_vertical_padding":"","_kad_post_feature":"","_kad_post_feature_position":"","_kad_post_header":false,"_kad_post_footer":false,"footnotes":""},"class_list":["post-1603","page","type-page","status-publish","hentry"],"acf":[],"_links":{"self":[{"href":"https:\/\/abbayebaumelesmessieurs.fr\/blm\/wp-json\/wp\/v2\/pages\/1603","targetHints":{"allow":["GET"]}}],"collection":[{"href":"https:\/\/abbayebaumelesmessieurs.fr\/blm\/wp-json\/wp\/v2\/pages"}],"about":[{"href":"https:\/\/abbayebaumelesmessieurs.fr\/blm\/wp-json\/wp\/v2\/types\/page"}],"author":[{"embeddable":true,"href":"https:\/\/abbayebaumelesmessieurs.fr\/blm\/wp-json\/wp\/v2\/users\/2"}],"replies":[{"embeddable":true,"href":"https:\/\/abbayebaumelesmessieurs.fr\/blm\/wp-json\/wp\/v2\/comments?post=1603"}],"version-history":[{"count":4,"href":"https:\/\/abbayebaumelesmessieurs.fr\/blm\/wp-json\/wp\/v2\/pages\/1603\/revisions"}],"predecessor-version":[{"id":26753,"href":"https:\/\/abbayebaumelesmessieurs.fr\/blm\/wp-json\/wp\/v2\/pages\/1603\/revisions\/26753"}],"wp:attachment":[{"href":"https:\/\/abbayebaumelesmessieurs.fr\/blm\/wp-json\/wp\/v2\/media?parent=1603"}],"curies":[{"name":"wp","href":"https:\/\/api.w.org\/{rel}","templated":true}]}}