{"id":25861,"date":"2023-09-05T10:18:33","date_gmt":"2023-09-05T09:18:33","guid":{"rendered":"http:\/\/www.baumelesmessieurs.fr\/?page_id=25861"},"modified":"2024-12-27T09:28:04","modified_gmt":"2024-12-27T09:28:04","slug":"informations-municipales","status":"publish","type":"page","link":"https:\/\/abbayebaumelesmessieurs.fr\/blm\/informations-municipales\/","title":{"rendered":"Informations municipales"},"content":{"rendered":"S&rsquo;ouvrent les inscriptions pour le March\u00e9 de No\u00ebl 2021 pour les 4 et 5 d\u00e9cembre prochain. Retrouvez le guide de l&rsquo;exposant dans cet article&#8230;&hellip;","protected":false},"excerpt":{"rendered":"<p>S&rsquo;ouvrent les inscriptions pour le March\u00e9 de No\u00ebl 2021 pour les 4 et 5 d\u00e9cembre prochain. Retrouvez le guide de l&rsquo;exposant dans cet article&#8230;&hellip;<\/p>","protected":false},"author":2,"featured_media":0,"parent":0,"menu_order":0,"comment_status":"closed","ping_status":"closed","template":"","meta":{"_acf_changed":false,"_kad_post_transparent":"","_kad_post_title":"","_kad_post_layout":"normal","_kad_post_sidebar_id":"","_kad_post_content_style":"","_kad_post_vertical_padding":"","_kad_post_feature":"","_kad_post_feature_position":"","_kad_post_header":false,"_kad_post_footer":false,"footnotes":""},"class_list":["post-25861","page","type-page","status-publish","hentry"],"acf":[],"_links":{"self":[{"href":"https:\/\/abbayebaumelesmessieurs.fr\/blm\/wp-json\/wp\/v2\/pages\/25861","targetHints":{"allow":["GET"]}}],"collection":[{"href":"https:\/\/abbayebaumelesmessieurs.fr\/blm\/wp-json\/wp\/v2\/pages"}],"about":[{"href":"https:\/\/abbayebaumelesmessieurs.fr\/blm\/wp-json\/wp\/v2\/types\/page"}],"author":[{"embeddable":true,"href":"https:\/\/abbayebaumelesmessieurs.fr\/blm\/wp-json\/wp\/v2\/users\/2"}],"replies":[{"embeddable":true,"href":"https:\/\/abbayebaumelesmessieurs.fr\/blm\/wp-json\/wp\/v2\/comments?post=25861"}],"version-history":[{"count":6,"href":"https:\/\/abbayebaumelesmessieurs.fr\/blm\/wp-json\/wp\/v2\/pages\/25861\/revisions"}],"predecessor-version":[{"id":27983,"href":"https:\/\/abbayebaumelesmessieurs.fr\/blm\/wp-json\/wp\/v2\/pages\/25861\/revisions\/27983"}],"wp:attachment":[{"href":"https:\/\/abbayebaumelesmessieurs.fr\/blm\/wp-json\/wp\/v2\/media?parent=25861"}],"curies":[{"name":"wp","href":"https:\/\/api.w.org\/{rel}","templated":true}]}}