{"id":28034,"date":"2025-01-09T04:36:28","date_gmt":"2025-01-09T04:36:28","guid":{"rendered":"https:\/\/abbayebaumelesmessieurs.fr\/blm\/?page_id=28034"},"modified":"2025-01-11T09:17:45","modified_gmt":"2025-01-11T09:17:45","slug":"introduction","status":"publish","type":"page","link":"https:\/\/abbayebaumelesmessieurs.fr\/blm\/","title":{"rendered":"Introduction"},"content":{"rendered":"Nouvelle exposition dans la tour de justice de l\u2019abbaye.<\r\n\r\nNous accueillons un duo d\u2019artistes, peintre et photographe, Letow et Nodens d\u00e8s demain\r\n<ul>\r\n \t<li>Du 16 au 31 ao\u00fbt 2024<\/li>\r\n \t<li>De 10h30 \u00e0 12h et de 15h \u00e0 18h30<\/li>\r\n \t<li>Entr\u00e9e libre<\/li>\r\n<\/ul>\r\nRestez connect\u00e9 pour en savoir plus sur notre actualit\u00e9 et nos \u00e9v\u00e8nements&hellip;","protected":false},"excerpt":{"rendered":"<p>Nouvelle exposition dans la tour de justice de l\u2019abbaye.<\n\nNous accueillons un duo d\u2019artistes, peintre et photographe, Letow et Nodens d\u00e8s demain\n\n\n<ul>\n<li>Du 16 au 31 ao\u00fbt 2024<\/li>\n<li>De 10h30 \u00e0 12h et de 15h \u00e0 18h30<\/li>\n<li>Entr\u00e9e libre<\/li>\n<\/ul>\n<\/p><p>Restez connect\u00e9 pour en savoir plus sur notre actualit\u00e9 et nos \u00e9v\u00e8nements&hellip;<\/p>","protected":false},"author":1,"featured_media":0,"parent":0,"menu_order":0,"comment_status":"closed","ping_status":"closed","template":"","meta":{"_acf_changed":false,"_kad_post_transparent":"","_kad_post_title":"","_kad_post_layout":"","_kad_post_sidebar_id":"","_kad_post_content_style":"","_kad_post_vertical_padding":"","_kad_post_feature":"","_kad_post_feature_position":"","_kad_post_header":false,"_kad_post_footer":false,"footnotes":""},"class_list":["post-28034","page","type-page","status-publish","hentry"],"acf":[],"_links":{"self":[{"href":"https:\/\/abbayebaumelesmessieurs.fr\/blm\/wp-json\/wp\/v2\/pages\/28034","targetHints":{"allow":["GET"]}}],"collection":[{"href":"https:\/\/abbayebaumelesmessieurs.fr\/blm\/wp-json\/wp\/v2\/pages"}],"about":[{"href":"https:\/\/abbayebaumelesmessieurs.fr\/blm\/wp-json\/wp\/v2\/types\/page"}],"author":[{"embeddable":true,"href":"https:\/\/abbayebaumelesmessieurs.fr\/blm\/wp-json\/wp\/v2\/users\/1"}],"replies":[{"embeddable":true,"href":"https:\/\/abbayebaumelesmessieurs.fr\/blm\/wp-json\/wp\/v2\/comments?post=28034"}],"version-history":[{"count":13,"href":"https:\/\/abbayebaumelesmessieurs.fr\/blm\/wp-json\/wp\/v2\/pages\/28034\/revisions"}],"predecessor-version":[{"id":28082,"href":"https:\/\/abbayebaumelesmessieurs.fr\/blm\/wp-json\/wp\/v2\/pages\/28034\/revisions\/28082"}],"wp:attachment":[{"href":"https:\/\/abbayebaumelesmessieurs.fr\/blm\/wp-json\/wp\/v2\/media?parent=28034"}],"curies":[{"name":"wp","href":"https:\/\/api.w.org\/{rel}","templated":true}]}}