{"id":1093,"date":"2024-12-20T10:06:53","date_gmt":"2024-12-20T10:06:53","guid":{"rendered":"https:\/\/matt.baume39.fr\/grottes\/panier\/"},"modified":"2024-12-21T11:31:34","modified_gmt":"2024-12-21T11:31:34","slug":"panier","status":"publish","type":"page","link":"https:\/\/abbayebaumelesmessieurs.fr\/grottes\/panier\/","title":{"rendered":"Panier"},"content":{"rendered":"<div style=\"height:92px\" aria-hidden=\"true\" class=\"wp-block-spacer\"><\/div><div data-block-name=\"woocommerce\/cart\" class=\"wp-block-woocommerce-cart alignwide is-loading\"><div data-block-name=\"woocommerce\/filled-cart-block\" class=\"wp-block-woocommerce-filled-cart-block\"><div data-block-name=\"woocommerce\/cart-items-block\" class=\"wp-block-woocommerce-cart-items-block\"><div data-block-name=\"woocommerce\/cart-line-items-block\" class=\"wp-block-woocommerce-cart-line-items-block\"><\/div>\n\n<div data-block-name=\"woocommerce\/cart-cross-sells-block\" class=\"wp-block-woocommerce-cart-cross-sells-block\"><h2 class=\"wp-block-heading has-large-font-size\">\u00c7a peut vous int\u00e9resser&#8230;<\/h2>\n\n<div data-block-name=\"woocommerce\/cart-cross-sells-products-block\" class=\"wp-block-woocommerce-cart-cross-sells-products-block\"><\/div><\/div><\/div>\n\n<div data-block-name=\"woocommerce\/cart-totals-block\" class=\"wp-block-woocommerce-cart-totals-block\"><div data-block-name=\"woocommerce\/cart-order-summary-block\" class=\"wp-block-woocommerce-cart-order-summary-block\"><div data-block-name=\"woocommerce\/cart-order-summary-heading-block\" data-content=\"Total panier\" class=\"wp-block-woocommerce-cart-order-summary-heading-block\"><\/div>\n\n<div data-block-name=\"woocommerce\/cart-order-summary-coupon-form-block\" class=\"wp-block-woocommerce-cart-order-summary-coupon-form-block\"><\/div>\n\n<div data-block-name=\"woocommerce\/cart-order-summary-totals-block\" class=\"wp-block-woocommerce-cart-order-summary-totals-block\"><div data-block-name=\"woocommerce\/cart-order-summary-subtotal-block\" class=\"wp-block-woocommerce-cart-order-summary-subtotal-block\"><\/div>\n\n<div data-block-name=\"woocommerce\/cart-order-summary-fee-block\" class=\"wp-block-woocommerce-cart-order-summary-fee-block\"><\/div>\n\n<div data-block-name=\"woocommerce\/cart-order-summary-discount-block\" class=\"wp-block-woocommerce-cart-order-summary-discount-block\"><\/div>\n\n<div data-block-name=\"woocommerce\/cart-order-summary-shipping-block\" class=\"wp-block-woocommerce-cart-order-summary-shipping-block\"><\/div>\n\n<div data-block-name=\"woocommerce\/cart-order-summary-taxes-block\" class=\"wp-block-woocommerce-cart-order-summary-taxes-block\"><\/div><\/div><\/div>\n\n<div data-block-name=\"woocommerce\/cart-express-payment-block\" class=\"wp-block-woocommerce-cart-express-payment-block\"><\/div>\n\n<div data-block-name=\"woocommerce\/proceed-to-checkout-block\" class=\"wp-block-woocommerce-proceed-to-checkout-block\"><\/div>\n\n<div data-block-name=\"woocommerce\/cart-accepted-payment-methods-block\" class=\"wp-block-woocommerce-cart-accepted-payment-methods-block\"><\/div><\/div><\/div>\n\n<div data-block-name=\"woocommerce\/empty-cart-block\" class=\"wp-block-woocommerce-empty-cart-block\"><h2 class=\"wp-block-heading has-text-align-center with-empty-cart-icon wc-block-cart__empty-cart__title\">Votre panier est actuellement vide&nbsp;!<\/h2>\n\n<hr class=\"wp-block-separator has-alpha-channel-opacity is-style-dots\"\/><\/div><\/div><style>.wp-block-kadence-advancedbtn.kb-btns1093_49a421-10{gap:var(--global-kb-gap-xs, 0.5rem );justify-content:center;align-items:center;}.kt-btns1093_49a421-10 .kt-button{font-weight:normal;font-style:normal;}.kt-btns1093_49a421-10 .kt-btn-wrap-0{margin-right:5px;}.wp-block-kadence-advancedbtn.kt-btns1093_49a421-10 .kt-btn-wrap-0 .kt-button{color:#555555;border-color:#555555;}.wp-block-kadence-advancedbtn.kt-btns1093_49a421-10 .kt-btn-wrap-0 .kt-button:hover, .wp-block-kadence-advancedbtn.kt-btns1093_49a421-10 .kt-btn-wrap-0 .kt-button:focus{color:#ffffff;border-color:#444444;}.wp-block-kadence-advancedbtn.kt-btns1093_49a421-10 .kt-btn-wrap-0 .kt-button::before{display:none;}.wp-block-kadence-advancedbtn.kt-btns1093_49a421-10 .kt-btn-wrap-0 .kt-button:hover, .wp-block-kadence-advancedbtn.kt-btns1093_49a421-10 .kt-btn-wrap-0 .kt-button:focus{background:#444444;}<\/style>\n<div class=\"wp-block-kadence-advancedbtn kb-buttons-wrap kb-btns1093_49a421-10\"><style>ul.menu .wp-block-kadence-advancedbtn .kb-btn1093_ea3f47-f2.kb-button{width:initial;}.wp-block-kadence-advancedbtn .kb-btn1093_ea3f47-f2.kb-button{font-size:var(--global-kb-font-size-md, 1.25rem);border-top-left-radius:4px;border-top-right-radius:4px;border-bottom-right-radius:4px;border-bottom-left-radius:4px;}@media all and (max-width: 1024px){.kb-btn1093_ea3f47-f2.kb-button .kb-svg-icon-wrap{display:block;}}<\/style><a class=\"kb-button kt-button button kb-btn1093_ea3f47-f2 kt-btn-size-standard kt-btn-width-type-auto kb-btn-global-fill kt-btn-has-text-true kt-btn-has-svg-false wp-block-kadence-singlebtn\" href=\"https:\/\/abbayebaumelesmessieurs.fr\/grottes\/reservez-en-ligne\/\"><span class=\"kt-btn-inner-text\">Ajouter des billets ><\/span><\/a><\/div><style>.kb-row-layout-id1093_cd8986-bd > .kt-row-column-wrap{align-content:start;}:where(.kb-row-layout-id1093_cd8986-bd > .kt-row-column-wrap) > .wp-block-kadence-column{justify-content:start;}.kb-row-layout-id1093_cd8986-bd > .kt-row-column-wrap{column-gap:var(--global-kb-gap-md, 2rem);row-gap:var(--global-kb-gap-md, 2rem);padding-bottom:var(--global-kb-spacing-sm, 1.5rem);}.kb-row-layout-id1093_cd8986-bd > .kt-row-column-wrap > div:not(.added-for-specificity){grid-column:initial;}.kb-row-layout-id1093_cd8986-bd > .kt-row-column-wrap{grid-template-columns:minmax(0, 1fr) minmax(0, 2fr) minmax(0, 1fr);}.kb-row-layout-id1093_cd8986-bd > .kt-row-layout-overlay{opacity:0.30;}@media all and (max-width: 1024px){.kb-row-layout-id1093_cd8986-bd > .kt-row-column-wrap > div:not(.added-for-specificity){grid-column:initial;}}@media all and (max-width: 1024px){.kb-row-layout-id1093_cd8986-bd > .kt-row-column-wrap{grid-template-columns:minmax(0, 1fr) minmax(0, 2fr) minmax(0, 1fr);}}@media all and (max-width: 767px){.kb-row-layout-id1093_cd8986-bd > .kt-row-column-wrap > div:not(.added-for-specificity){grid-column:initial;}.kb-row-layout-id1093_cd8986-bd > .kt-row-column-wrap{grid-template-columns:minmax(0, 1fr);}}<\/style><div class=\"kb-row-layout-wrap kb-row-layout-id1093_cd8986-bd alignnone wp-block-kadence-rowlayout\"><div class=\"kt-row-column-wrap kt-has-3-columns kt-row-layout-center-half kt-tab-layout-inherit kt-mobile-layout-row kt-row-valign-top\">\n<style>.kadence-column1093_77a803-e1 > .kt-inside-inner-col,.kadence-column1093_77a803-e1 > .kt-inside-inner-col:before{border-top-left-radius:0px;border-top-right-radius:0px;border-bottom-right-radius:0px;border-bottom-left-radius:0px;}.kadence-column1093_77a803-e1 > .kt-inside-inner-col{column-gap:var(--global-kb-gap-sm, 1rem);}.kadence-column1093_77a803-e1 > .kt-inside-inner-col{flex-direction:column;}.kadence-column1093_77a803-e1 > .kt-inside-inner-col > .aligncenter{width:100%;}.kadence-column1093_77a803-e1 > .kt-inside-inner-col:before{opacity:0.3;}.kadence-column1093_77a803-e1{position:relative;}@media all and (max-width: 1024px){.kadence-column1093_77a803-e1 > .kt-inside-inner-col{flex-direction:column;}}@media all and (max-width: 767px){.kadence-column1093_77a803-e1 > .kt-inside-inner-col{flex-direction:column;}}<\/style>\n<div class=\"wp-block-kadence-column kadence-column1093_77a803-e1\"><div class=\"kt-inside-inner-col\"><\/div><\/div>\n\n<style>.kadence-column1093_d758c2-1b > .kt-inside-inner-col,.kadence-column1093_d758c2-1b > .kt-inside-inner-col:before{border-top-left-radius:0px;border-top-right-radius:0px;border-bottom-right-radius:0px;border-bottom-left-radius:0px;}.kadence-column1093_d758c2-1b > .kt-inside-inner-col{column-gap:var(--global-kb-gap-sm, 1rem);}.kadence-column1093_d758c2-1b > .kt-inside-inner-col{flex-direction:column;}.kadence-column1093_d758c2-1b > .kt-inside-inner-col > .aligncenter{width:100%;}.kadence-column1093_d758c2-1b > .kt-inside-inner-col:before{opacity:0.3;}.kadence-column1093_d758c2-1b{position:relative;}@media all and (max-width: 1024px){.kadence-column1093_d758c2-1b > .kt-inside-inner-col{flex-direction:column;}}@media all and (max-width: 767px){.kadence-column1093_d758c2-1b > .kt-inside-inner-col{flex-direction:column;}}<\/style>\n<div class=\"wp-block-kadence-column kadence-column1093_d758c2-1b\"><div class=\"kt-inside-inner-col\"><p>Les enfants doivent \u00eatre accompagn\u00e9s d\u2019un adulte. Si vous achetez des billets combin\u00e9s (adultes et enfants), assurez-vous de r\u00e9server \u00e0 la m\u00eame date et au m\u00eame cr\u00e9neau horaire.<\/p><\/div><\/div>\n\n<style>.kadence-column1093_f923c4-3b > .kt-inside-inner-col,.kadence-column1093_f923c4-3b > .kt-inside-inner-col:before{border-top-left-radius:0px;border-top-right-radius:0px;border-bottom-right-radius:0px;border-bottom-left-radius:0px;}.kadence-column1093_f923c4-3b > .kt-inside-inner-col{column-gap:var(--global-kb-gap-sm, 1rem);}.kadence-column1093_f923c4-3b > .kt-inside-inner-col{flex-direction:column;}.kadence-column1093_f923c4-3b > .kt-inside-inner-col > .aligncenter{width:100%;}.kadence-column1093_f923c4-3b > .kt-inside-inner-col:before{opacity:0.3;}.kadence-column1093_f923c4-3b{position:relative;}@media all and (max-width: 1024px){.kadence-column1093_f923c4-3b > .kt-inside-inner-col{flex-direction:column;}}@media all and (max-width: 767px){.kadence-column1093_f923c4-3b > .kt-inside-inner-col{flex-direction:column;}}<\/style>\n<div class=\"wp-block-kadence-column kadence-column1093_f923c4-3b\"><div class=\"kt-inside-inner-col\"><\/div><\/div>\n<\/div><\/div><div style=\"height:35px\" aria-hidden=\"true\" class=\"wp-block-spacer\"><\/div>","protected":false},"excerpt":{"rendered":"<p>Les enfants doivent \u00eatre accompagn\u00e9s d\u2019un adulte. Si vous achetez des billets combin\u00e9s (adultes et enfants), assurez-vous de r\u00e9server \u00e0 la m\u00eame date et au m\u00eame cr\u00e9neau horaire.<\/p>\n","protected":false},"author":3,"featured_media":0,"parent":0,"menu_order":0,"comment_status":"closed","ping_status":"closed","template":"","meta":{"_kadence_starter_templates_imported_post":false,"_kad_post_transparent":"","_kad_post_title":"","_kad_post_layout":"","_kad_post_sidebar_id":"","_kad_post_content_style":"","_kad_post_vertical_padding":"","_kad_post_feature":"","_kad_post_feature_position":"","_kad_post_header":false,"_kad_post_footer":false,"footnotes":""},"class_list":["post-1093","page","type-page","status-publish","hentry"],"_links":{"self":[{"href":"https:\/\/abbayebaumelesmessieurs.fr\/grottes\/wp-json\/wp\/v2\/pages\/1093","targetHints":{"allow":["GET"]}}],"collection":[{"href":"https:\/\/abbayebaumelesmessieurs.fr\/grottes\/wp-json\/wp\/v2\/pages"}],"about":[{"href":"https:\/\/abbayebaumelesmessieurs.fr\/grottes\/wp-json\/wp\/v2\/types\/page"}],"author":[{"embeddable":true,"href":"https:\/\/abbayebaumelesmessieurs.fr\/grottes\/wp-json\/wp\/v2\/users\/3"}],"replies":[{"embeddable":true,"href":"https:\/\/abbayebaumelesmessieurs.fr\/grottes\/wp-json\/wp\/v2\/comments?post=1093"}],"version-history":[{"count":10,"href":"https:\/\/abbayebaumelesmessieurs.fr\/grottes\/wp-json\/wp\/v2\/pages\/1093\/revisions"}],"predecessor-version":[{"id":1188,"href":"https:\/\/abbayebaumelesmessieurs.fr\/grottes\/wp-json\/wp\/v2\/pages\/1093\/revisions\/1188"}],"wp:attachment":[{"href":"https:\/\/abbayebaumelesmessieurs.fr\/grottes\/wp-json\/wp\/v2\/media?parent=1093"}],"curies":[{"name":"wp","href":"https:\/\/api.w.org\/{rel}","templated":true}]}}