{"id":701,"date":"2024-12-17T12:39:27","date_gmt":"2024-12-17T12:39:27","guid":{"rendered":"https:\/\/matt.baume39.fr\/grottes\/?page_id=701"},"modified":"2024-12-18T06:07:44","modified_gmt":"2024-12-18T06:07:44","slug":"histoire","status":"publish","type":"page","link":"https:\/\/abbayebaumelesmessieurs.fr\/grottes\/histoire\/","title":{"rendered":"Histoire"},"content":{"rendered":"<style>.kb-row-layout-id701_197bf6-83 > .kt-row-column-wrap{align-content:start;}:where(.kb-row-layout-id701_197bf6-83 > .kt-row-column-wrap) > .wp-block-kadence-column{justify-content:start;}.kb-row-layout-id701_197bf6-83 > .kt-row-column-wrap{column-gap:var(--global-kb-gap-md, 2rem);row-gap:var(--global-kb-gap-md, 2rem);max-width:var( --global-content-width, 1290px );padding-left:var(--global-content-edge-padding);padding-right:var(--global-content-edge-padding);padding-top:var(--global-kb-spacing-lg, 3rem);padding-bottom:var(--global-kb-spacing-sm, 1.5rem);grid-template-columns:minmax(0, 2fr) minmax(0, 1fr);}.kb-row-layout-id701_197bf6-83 > .kt-row-layout-overlay{opacity:0.30;}@media all and (max-width: 1024px){.kb-row-layout-id701_197bf6-83 > .kt-row-column-wrap{grid-template-columns:minmax(0, 2fr) minmax(0, 1fr);}}@media all and (max-width: 767px){.kb-row-layout-id701_197bf6-83 > .kt-row-column-wrap{grid-template-columns:minmax(0, 1fr);}}<\/style><div class=\"kb-row-layout-wrap kb-row-layout-id701_197bf6-83 alignwide wp-block-kadence-rowlayout\"><div class=\"kt-row-column-wrap kt-has-2-columns kt-row-layout-left-golden kt-tab-layout-inherit kt-mobile-layout-row kt-row-valign-top kb-theme-content-width\">\n<style>.kadence-column701_fbdb58-8e > .kt-inside-inner-col,.kadence-column701_fbdb58-8e > .kt-inside-inner-col:before{border-top-left-radius:0px;border-top-right-radius:0px;border-bottom-right-radius:0px;border-bottom-left-radius:0px;}.kadence-column701_fbdb58-8e > .kt-inside-inner-col{column-gap:var(--global-kb-gap-sm, 1rem);}.kadence-column701_fbdb58-8e > .kt-inside-inner-col{flex-direction:column;}.kadence-column701_fbdb58-8e > .kt-inside-inner-col > .aligncenter{width:100%;}.kadence-column701_fbdb58-8e > .kt-inside-inner-col:before{opacity:0.3;}.kadence-column701_fbdb58-8e{position:relative;}@media all and (max-width: 1024px){.kadence-column701_fbdb58-8e > .kt-inside-inner-col{flex-direction:column;}}@media all and (max-width: 767px){.kadence-column701_fbdb58-8e > .kt-inside-inner-col{flex-direction:column;}}<\/style>\n<div class=\"wp-block-kadence-column kadence-column701_fbdb58-8e\"><div class=\"kt-inside-inner-col\"><h1 class=\"wp-block-heading\">Trois cents ans d\u2019exploration et d\u2019\u00e9tude<\/h1>\n\n<p>Depuis le XVII\u00e8 si\u00e8cle diff\u00e9rents explorateurs ont contribu\u00e9 \u00e0 la d\u00e9couverte de la cavit\u00e9. Les premi\u00e8res topographies et comptes-rendus datent du XIX\u00e8 si\u00e8cle.<\/p>\n\n<p>De prestigieux explorateurs sont venus ici, E. Renauld, les fr\u00e8res CLoz et E. Martel. Depuis les ann\u00e9es 1970 diff\u00e9rents clubs de sp\u00e9l\u00e9ologie (SCDijon) JS Jurassien, GRSPoligny) ont am\u00e9lior\u00e9 la connaissance du r\u00e9seau en portant son d\u00e9veloppement \u00e0 plus de 3 km.<\/p>\n\n<style>.kb-image701_debdb6-b4 .kb-image-has-overlay:after{opacity:0.3;}<\/style>\n<figure class=\"wp-block-kadence-image kb-image701_debdb6-b4 size-large\"><img loading=\"lazy\" decoding=\"async\" width=\"1024\" height=\"629\" src=\"https:\/\/abbayebaumelesmessieurs.fr\/wp-content\/uploads\/sites\/3\/2024\/12\/grottes1-1024x629.jpg\" alt=\"\" class=\"kb-img wp-image-703\" srcset=\"https:\/\/abbayebaumelesmessieurs.fr\/grottes\/wp-content\/uploads\/sites\/3\/2024\/12\/grottes1-1024x629.jpg 1024w, https:\/\/abbayebaumelesmessieurs.fr\/grottes\/wp-content\/uploads\/sites\/3\/2024\/12\/grottes1-485x298.jpg 485w, https:\/\/abbayebaumelesmessieurs.fr\/grottes\/wp-content\/uploads\/sites\/3\/2024\/12\/grottes1-300x184.jpg 300w, https:\/\/abbayebaumelesmessieurs.fr\/grottes\/wp-content\/uploads\/sites\/3\/2024\/12\/grottes1-768x472.jpg 768w, https:\/\/abbayebaumelesmessieurs.fr\/grottes\/wp-content\/uploads\/sites\/3\/2024\/12\/grottes1-500x307.jpg 500w, https:\/\/abbayebaumelesmessieurs.fr\/grottes\/wp-content\/uploads\/sites\/3\/2024\/12\/grottes1-800x492.jpg 800w, https:\/\/abbayebaumelesmessieurs.fr\/grottes\/wp-content\/uploads\/sites\/3\/2024\/12\/grottes1-1280x787.jpg 1280w, https:\/\/abbayebaumelesmessieurs.fr\/grottes\/wp-content\/uploads\/sites\/3\/2024\/12\/grottes1.jpg 1463w\" sizes=\"auto, (max-width: 1024px) 100vw, 1024px\" \/><\/figure>\n\n<p>Les nouvelles techniques ont permis de nombreuses d\u00e9couvertes : plong\u00e9e souterraine \u00e9clairage \u00e0 led rempla\u00e7ant la bougie escalade gr\u00e2ce \u00e0 des perforateurs sur batterie.<\/p>\n\n<p> Lors de leurs explorations les sp\u00e9l\u00e9ologues en profitent pour faire la topographie et des photos des d\u00e9couvertes.<\/p>\n\n<p>Une partie de la grotte est le R\u00e9seau du parasol. D\u2019un d\u00e9veloppement de l\u2019ordre de 500 m il se greffe sur la galerie principale du parcours touristique. <\/p>\n\n<p>Les explorateurs au 19\u00e8me si\u00e8cle l\u2019ont nomm\u00e9 ainsi en raison de la forme originale d\u2019un concretionnement de calcite.<\/p>\n\n<p>Le principal axe est form\u00e9 par les quatre siphons (\u00e0 gauche de l\u2019entr\u00e9e) prolong\u00e9s par les galeries de la partie touristique. De nombreuses chemin\u00e9es b\u00e2ties sur des fractures ponctuent le cheminement. Elles ont \u00e9t\u00e9 escalad\u00e9es pour onze d\u2019entre elles afin de savoir s\u2019il y avait des galeries sup\u00e9rieures. <\/p>\n\n<p>Au total pr\u00e8s de 500 m de conduits verticaux ont \u00e9t\u00e9 escalad\u00e9s photographi\u00e9s et topographi\u00e9s.<\/p>\n\n<p><\/p>\n\n<p><\/p>\n\n<p><br><\/p><\/div><\/div>\n\n<style>.kadence-column701_5dd870-2e > .kt-inside-inner-col{padding-top:var(--global-kb-spacing-xs, 1rem);padding-right:var(--global-kb-spacing-xs, 1rem);padding-bottom:var(--global-kb-spacing-xs, 1rem);padding-left:var(--global-kb-spacing-xs, 1rem);}.kadence-column701_5dd870-2e > .kt-inside-inner-col,.kadence-column701_5dd870-2e > .kt-inside-inner-col:before{border-top-left-radius:0px;border-top-right-radius:0px;border-bottom-right-radius:0px;border-bottom-left-radius:0px;}.kadence-column701_5dd870-2e > .kt-inside-inner-col{column-gap:var(--global-kb-gap-sm, 1rem);}.kadence-column701_5dd870-2e > .kt-inside-inner-col{flex-direction:column;}.kadence-column701_5dd870-2e > .kt-inside-inner-col > .aligncenter{width:100%;}.kadence-column701_5dd870-2e > .kt-inside-inner-col{background-color:var(--global-palette7, #EDF2F7);}.kadence-column701_5dd870-2e > .kt-inside-inner-col:before{opacity:0.3;}.kadence-column701_5dd870-2e{position:relative;}@media all and (max-width: 1024px){.kadence-column701_5dd870-2e > .kt-inside-inner-col{flex-direction:column;}}@media all and (max-width: 767px){.kadence-column701_5dd870-2e > .kt-inside-inner-col{flex-direction:column;}}<\/style>\n<div class=\"wp-block-kadence-column kadence-column701_5dd870-2e\"><div class=\"kt-inside-inner-col\"><style>.wp-block-kadence-advancedheading.kt-adv-heading701_c00011-f2, .wp-block-kadence-advancedheading.kt-adv-heading701_c00011-f2[data-kb-block=\"kb-adv-heading701_c00011-f2\"]{padding-top:var(--global-kb-spacing-xs, 1rem);padding-right:var(--global-kb-spacing-xs, 1rem);padding-bottom:var(--global-kb-spacing-xs, 1rem);padding-left:var(--global-kb-spacing-xs, 1rem);margin-top:-15px;margin-right:-15px;margin-bottom:15px;margin-left:-15px;font-size:24px;font-style:normal;}.wp-block-kadence-advancedheading.kt-adv-heading701_c00011-f2 mark.kt-highlight, .wp-block-kadence-advancedheading.kt-adv-heading701_c00011-f2[data-kb-block=\"kb-adv-heading701_c00011-f2\"] mark.kt-highlight{font-style:normal;color:#f76a0c;-webkit-box-decoration-break:clone;box-decoration-break:clone;padding-top:0px;padding-right:0px;padding-bottom:0px;padding-left:0px;}<\/style>\n<h2 class=\"kt-adv-heading701_c00011-f2 wp-block-kadence-advancedheading has-theme-palette-9-color has-text-color has-theme-palette-6-background-color has-background\" data-kb-block=\"kb-adv-heading701_c00011-f2\">D\u00e9couverte continue<\/h2>\n\n<p>En 2012 les sp\u00e9l\u00e9ologues du GRSP (Club sp\u00e9l\u00e9o de Poligny) d\u00e9couvrent pr\u00e8s de 400 m de nouvelles galeries au-del\u00e0 du Catafalque (terminus de la partie am\u00e9nag\u00e9e).<\/p>\n\n<style>.kb-image701_9c2107-fd .kb-image-has-overlay:after{opacity:0.3;}<\/style>\n<figure class=\"wp-block-kadence-image kb-image701_9c2107-fd size-full\"><img loading=\"lazy\" decoding=\"async\" width=\"504\" height=\"672\" src=\"https:\/\/abbayebaumelesmessieurs.fr\/wp-content\/uploads\/sites\/3\/2024\/12\/grottes4.jpg\" alt=\"\" class=\"kb-img wp-image-704\" srcset=\"https:\/\/abbayebaumelesmessieurs.fr\/grottes\/wp-content\/uploads\/sites\/3\/2024\/12\/grottes4.jpg 504w, https:\/\/abbayebaumelesmessieurs.fr\/grottes\/wp-content\/uploads\/sites\/3\/2024\/12\/grottes4-485x647.jpg 485w, https:\/\/abbayebaumelesmessieurs.fr\/grottes\/wp-content\/uploads\/sites\/3\/2024\/12\/grottes4-225x300.jpg 225w, https:\/\/abbayebaumelesmessieurs.fr\/grottes\/wp-content\/uploads\/sites\/3\/2024\/12\/grottes4-500x667.jpg 500w\" sizes=\"auto, (max-width: 504px) 100vw, 504px\" \/><\/figure>\n\n<p>A leur extr\u00e9mit\u00e9 un courant d\u2019air arrive d\u2019un boyau en partie rempli d\u2019eau et d\u2019argile : le Colon rectal. <\/p>\n\n<p>Celui-ci a \u00e9t\u00e9 d\u00e9blay\u00e9 et explor\u00e9 sur une centaine de m\u00e8tres lors des p\u00e9riodes s\u00e8ches. <\/p>\n\n<p>Le tron\u00e7on d\u2019une grosse galerie a alors \u00e9t\u00e9 d\u00e9couvert.<\/p>\n\n<style>.kb-image701_f88610-ad .kb-image-has-overlay:after{opacity:0.3;}<\/style>\n<figure class=\"wp-block-kadence-image kb-image701_f88610-ad size-full\"><img loading=\"lazy\" decoding=\"async\" width=\"443\" height=\"332\" src=\"https:\/\/abbayebaumelesmessieurs.fr\/wp-content\/uploads\/sites\/3\/2024\/12\/grottes5.jpg\" alt=\"\" class=\"kb-img wp-image-767\" srcset=\"https:\/\/abbayebaumelesmessieurs.fr\/grottes\/wp-content\/uploads\/sites\/3\/2024\/12\/grottes5.jpg 443w, https:\/\/abbayebaumelesmessieurs.fr\/grottes\/wp-content\/uploads\/sites\/3\/2024\/12\/grottes5-300x225.jpg 300w\" sizes=\"auto, (max-width: 443px) 100vw, 443px\" \/><\/figure><\/div><\/div>\n<\/div><\/div>","protected":false},"excerpt":{"rendered":"<p>Trois cents ans d\u2019exploration et d\u2019\u00e9tude Depuis le XVII\u00e8 si\u00e8cle diff\u00e9rents explorateurs ont contribu\u00e9 \u00e0 la d\u00e9couverte de la cavit\u00e9. Les premi\u00e8res topographies et comptes-rendus datent du XIX\u00e8 si\u00e8cle. De prestigieux explorateurs sont venus ici, E. Renauld, les fr\u00e8res CLoz et E. Martel. Depuis les ann\u00e9es 1970 diff\u00e9rents clubs de sp\u00e9l\u00e9ologie (SCDijon) JS Jurassien, GRSPoligny)&#8230;<\/p>\n","protected":false},"author":3,"featured_media":0,"parent":0,"menu_order":0,"comment_status":"closed","ping_status":"closed","template":"","meta":{"_kadence_starter_templates_imported_post":false,"_kad_post_transparent":"","_kad_post_title":"","_kad_post_layout":"","_kad_post_sidebar_id":"","_kad_post_content_style":"","_kad_post_vertical_padding":"","_kad_post_feature":"","_kad_post_feature_position":"","_kad_post_header":false,"_kad_post_footer":false,"footnotes":""},"class_list":["post-701","page","type-page","status-publish","hentry"],"_links":{"self":[{"href":"https:\/\/abbayebaumelesmessieurs.fr\/grottes\/wp-json\/wp\/v2\/pages\/701","targetHints":{"allow":["GET"]}}],"collection":[{"href":"https:\/\/abbayebaumelesmessieurs.fr\/grottes\/wp-json\/wp\/v2\/pages"}],"about":[{"href":"https:\/\/abbayebaumelesmessieurs.fr\/grottes\/wp-json\/wp\/v2\/types\/page"}],"author":[{"embeddable":true,"href":"https:\/\/abbayebaumelesmessieurs.fr\/grottes\/wp-json\/wp\/v2\/users\/3"}],"replies":[{"embeddable":true,"href":"https:\/\/abbayebaumelesmessieurs.fr\/grottes\/wp-json\/wp\/v2\/comments?post=701"}],"version-history":[{"count":5,"href":"https:\/\/abbayebaumelesmessieurs.fr\/grottes\/wp-json\/wp\/v2\/pages\/701\/revisions"}],"predecessor-version":[{"id":832,"href":"https:\/\/abbayebaumelesmessieurs.fr\/grottes\/wp-json\/wp\/v2\/pages\/701\/revisions\/832"}],"wp:attachment":[{"href":"https:\/\/abbayebaumelesmessieurs.fr\/grottes\/wp-json\/wp\/v2\/media?parent=701"}],"curies":[{"name":"wp","href":"https:\/\/api.w.org\/{rel}","templated":true}]}}