{"id":737,"date":"2024-12-17T13:42:20","date_gmt":"2024-12-17T13:42:20","guid":{"rendered":"https:\/\/matt.baume39.fr\/grottes\/?page_id=737"},"modified":"2024-12-19T14:57:31","modified_gmt":"2024-12-19T14:57:31","slug":"les-alentours","status":"publish","type":"page","link":"https:\/\/abbayebaumelesmessieurs.fr\/grottes\/les-alentours\/","title":{"rendered":"Les alentours"},"content":{"rendered":"<style>.kb-row-layout-id737_56d553-e3 > .kt-row-column-wrap{align-content:start;}:where(.kb-row-layout-id737_56d553-e3 > .kt-row-column-wrap) > .wp-block-kadence-column{justify-content:start;}.kb-row-layout-id737_56d553-e3 > .kt-row-column-wrap{column-gap:var(--global-kb-gap-md, 2rem);row-gap:var(--global-kb-gap-md, 2rem);max-width:var( --global-content-width, 1290px );padding-left:var(--global-content-edge-padding);padding-right:var(--global-content-edge-padding);padding-top:var(--global-kb-spacing-lg, 3rem);padding-bottom:var(--global-kb-spacing-sm, 1.5rem);grid-template-columns:minmax(0, 2fr) minmax(0, 1fr);}.kb-row-layout-id737_56d553-e3 > .kt-row-layout-overlay{opacity:0.30;}@media all and (max-width: 1024px){.kb-row-layout-id737_56d553-e3 > .kt-row-column-wrap{grid-template-columns:minmax(0, 2fr) minmax(0, 1fr);}}@media all and (max-width: 767px){.kb-row-layout-id737_56d553-e3 > .kt-row-column-wrap{grid-template-columns:minmax(0, 1fr);}}<\/style><div class=\"kb-row-layout-wrap kb-row-layout-id737_56d553-e3 alignwide wp-block-kadence-rowlayout\"><div class=\"kt-row-column-wrap kt-has-2-columns kt-row-layout-left-golden kt-tab-layout-inherit kt-mobile-layout-row kt-row-valign-top kb-theme-content-width\">\n<style>.kadence-column737_851b3b-ee > .kt-inside-inner-col,.kadence-column737_851b3b-ee > .kt-inside-inner-col:before{border-top-left-radius:0px;border-top-right-radius:0px;border-bottom-right-radius:0px;border-bottom-left-radius:0px;}.kadence-column737_851b3b-ee > .kt-inside-inner-col{column-gap:var(--global-kb-gap-sm, 1rem);}.kadence-column737_851b3b-ee > .kt-inside-inner-col{flex-direction:column;}.kadence-column737_851b3b-ee > .kt-inside-inner-col > .aligncenter{width:100%;}.kadence-column737_851b3b-ee > .kt-inside-inner-col:before{opacity:0.3;}.kadence-column737_851b3b-ee{position:relative;}@media all and (max-width: 1024px){.kadence-column737_851b3b-ee > .kt-inside-inner-col{flex-direction:column;}}@media all and (max-width: 767px){.kadence-column737_851b3b-ee > .kt-inside-inner-col{flex-direction:column;}}<\/style>\n<div class=\"wp-block-kadence-column kadence-column737_851b3b-ee\"><div class=\"kt-inside-inner-col\"><h1 class=\"wp-block-heading\">Les alentours<\/h1>\n\n<p><strong>Boutique<\/strong><br>D\u00e9couvrez notre boutique et emportez un souvenir avec vous. Vous y trouverez de nombreuses cr\u00e9ations locales ainsi que des articles en rapport avec nos amis les chauves-souris.<\/p>\n\n<p><strong>Restauration\/bar<\/strong><br>N\u2019h\u00e9sitez pas \u00e0 venir boire un verre, manger une glace et profiter de notre terrasse en attendant votre visite. Si vous avez une petite faim, ne vous inqui\u00e9tez pas, il y a de quoi se restaurer.<\/p>\n\n<style>.kb-image737_f405f8-8b .kb-image-has-overlay:after{opacity:0.3;}.kb-image737_f405f8-8b img.kb-img, .kb-image737_f405f8-8b .kb-img img{object-position:49% 0%;}<\/style>\n<figure class=\"wp-block-kadence-image kb-image737_f405f8-8b size-full kb-image-is-ratio-size\"><div class=\"kb-is-ratio-image kb-image-ratio-land169\"><img loading=\"lazy\" decoding=\"async\" width=\"960\" height=\"641\" src=\"https:\/\/abbayebaumelesmessieurs.fr\/wp-content\/uploads\/sites\/3\/2024\/12\/grottes6.jpg\" alt=\"\" class=\"kb-img wp-image-770\" srcset=\"https:\/\/abbayebaumelesmessieurs.fr\/grottes\/wp-content\/uploads\/sites\/3\/2024\/12\/grottes6.jpg 960w, https:\/\/abbayebaumelesmessieurs.fr\/grottes\/wp-content\/uploads\/sites\/3\/2024\/12\/grottes6-485x324.jpg 485w, https:\/\/abbayebaumelesmessieurs.fr\/grottes\/wp-content\/uploads\/sites\/3\/2024\/12\/grottes6-300x200.jpg 300w, https:\/\/abbayebaumelesmessieurs.fr\/grottes\/wp-content\/uploads\/sites\/3\/2024\/12\/grottes6-768x513.jpg 768w, https:\/\/abbayebaumelesmessieurs.fr\/grottes\/wp-content\/uploads\/sites\/3\/2024\/12\/grottes6-500x334.jpg 500w, https:\/\/abbayebaumelesmessieurs.fr\/grottes\/wp-content\/uploads\/sites\/3\/2024\/12\/grottes6-800x534.jpg 800w\" sizes=\"auto, (max-width: 960px) 100vw, 960px\" \/><\/div><\/figure>\n\n<style>.wp-block-kadence-advancedheading.kt-adv-heading737_79f62d-7e, .wp-block-kadence-advancedheading.kt-adv-heading737_79f62d-7e[data-kb-block=\"kb-adv-heading737_79f62d-7e\"]{font-style:normal;}.wp-block-kadence-advancedheading.kt-adv-heading737_79f62d-7e mark.kt-highlight, .wp-block-kadence-advancedheading.kt-adv-heading737_79f62d-7e[data-kb-block=\"kb-adv-heading737_79f62d-7e\"] mark.kt-highlight{font-style:normal;color:#f76a0c;-webkit-box-decoration-break:clone;box-decoration-break:clone;padding-top:0px;padding-right:0px;padding-bottom:0px;padding-left:0px;}<\/style>\n<h3 class=\"kt-adv-heading737_79f62d-7e wp-block-kadence-advancedheading\" data-kb-block=\"kb-adv-heading737_79f62d-7e\"><strong>Le village de Baume les Messieurs et ses tr\u00e9sors<\/strong><\/h3>\n\n<p>Ne faites pas l\u2019impasse sur la visite de l\u2019abbaye imp\u00e9riale de Baume-Les-Messieurs ; elle abrite encore de nombreux tr\u00e9sors et notamment un magnifique retable d\u2019origine flamande du XVIe si\u00e8cle dans son \u00e9glise romane de la fin du XIe si\u00e8cle.<\/p>\n\n<style>.kb-image737_fa3bf3-da .kb-image-has-overlay:after{opacity:0.3;}<\/style>\n<figure class=\"wp-block-kadence-image kb-image737_fa3bf3-da size-large kb-image-is-ratio-size\"><div class=\"kb-is-ratio-image kb-image-ratio-land169\"><img loading=\"lazy\" decoding=\"async\" width=\"1024\" height=\"422\" src=\"https:\/\/abbayebaumelesmessieurs.fr\/wp-content\/uploads\/sites\/3\/2024\/12\/1-IMG_8551-1024x422.jpg\" alt=\"\" class=\"kb-img wp-image-758\" srcset=\"https:\/\/abbayebaumelesmessieurs.fr\/grottes\/wp-content\/uploads\/sites\/3\/2024\/12\/1-IMG_8551-1024x422.jpg 1024w, https:\/\/abbayebaumelesmessieurs.fr\/grottes\/wp-content\/uploads\/sites\/3\/2024\/12\/1-IMG_8551-485x200.jpg 485w, https:\/\/abbayebaumelesmessieurs.fr\/grottes\/wp-content\/uploads\/sites\/3\/2024\/12\/1-IMG_8551-300x124.jpg 300w, https:\/\/abbayebaumelesmessieurs.fr\/grottes\/wp-content\/uploads\/sites\/3\/2024\/12\/1-IMG_8551-768x317.jpg 768w, https:\/\/abbayebaumelesmessieurs.fr\/grottes\/wp-content\/uploads\/sites\/3\/2024\/12\/1-IMG_8551-1536x634.jpg 1536w, https:\/\/abbayebaumelesmessieurs.fr\/grottes\/wp-content\/uploads\/sites\/3\/2024\/12\/1-IMG_8551-500x206.jpg 500w, https:\/\/abbayebaumelesmessieurs.fr\/grottes\/wp-content\/uploads\/sites\/3\/2024\/12\/1-IMG_8551-800x330.jpg 800w, https:\/\/abbayebaumelesmessieurs.fr\/grottes\/wp-content\/uploads\/sites\/3\/2024\/12\/1-IMG_8551-1280x528.jpg 1280w, https:\/\/abbayebaumelesmessieurs.fr\/grottes\/wp-content\/uploads\/sites\/3\/2024\/12\/1-IMG_8551.jpg 1600w\" sizes=\"auto, (max-width: 1024px) 100vw, 1024px\" \/><\/div><\/figure>\n\n<p>Des cascades de tufs incroyables et plusieurs sentiers de randonn\u00e9es. <\/p>\n\n<p>Des belv\u00e9d\u00e8res avec vue \u00e0 couper le souffle sur l\u2019incroyable cirque rocheux (recul\u00e9e) dans lequel s\u2019inscrit le village et si typique de la r\u00e9gion<\/p>\n\n<p>Voir : <strong><a href=\"http:\/\/www.baumelesmessieurs.fr\">www.baumelesmessieurs.fr<\/a> <\/strong> &gt;<br><\/p><\/div><\/div>\n\n<style>.kadence-column737_09456e-91 > .kt-inside-inner-col{padding-top:var(--global-kb-spacing-xs, 1rem);padding-right:var(--global-kb-spacing-xs, 1rem);padding-bottom:var(--global-kb-spacing-xs, 1rem);padding-left:var(--global-kb-spacing-xs, 1rem);}.kadence-column737_09456e-91 > .kt-inside-inner-col,.kadence-column737_09456e-91 > .kt-inside-inner-col:before{border-top-left-radius:0px;border-top-right-radius:0px;border-bottom-right-radius:0px;border-bottom-left-radius:0px;}.kadence-column737_09456e-91 > .kt-inside-inner-col{column-gap:var(--global-kb-gap-sm, 1rem);}.kadence-column737_09456e-91 > .kt-inside-inner-col{flex-direction:column;}.kadence-column737_09456e-91 > .kt-inside-inner-col > .aligncenter{width:100%;}.kadence-column737_09456e-91 > .kt-inside-inner-col{background-color:var(--global-palette7, #EDF2F7);}.kadence-column737_09456e-91 > .kt-inside-inner-col:before{opacity:0.3;}.kadence-column737_09456e-91{position:relative;}@media all and (max-width: 1024px){.kadence-column737_09456e-91 > .kt-inside-inner-col{flex-direction:column;}}@media all and (max-width: 767px){.kadence-column737_09456e-91 > .kt-inside-inner-col{flex-direction:column;}}<\/style>\n<div class=\"wp-block-kadence-column kadence-column737_09456e-91\"><div class=\"kt-inside-inner-col\"><style>.wp-block-kadence-advancedheading.kt-adv-heading737_454c43-6f, .wp-block-kadence-advancedheading.kt-adv-heading737_454c43-6f[data-kb-block=\"kb-adv-heading737_454c43-6f\"]{padding-top:var(--global-kb-spacing-xs, 1rem);padding-right:var(--global-kb-spacing-xs, 1rem);padding-bottom:var(--global-kb-spacing-xs, 1rem);padding-left:var(--global-kb-spacing-xs, 1rem);margin-top:-15px;margin-right:-15px;margin-bottom:15px;margin-left:-15px;font-size:24px;font-style:normal;}.wp-block-kadence-advancedheading.kt-adv-heading737_454c43-6f mark.kt-highlight, .wp-block-kadence-advancedheading.kt-adv-heading737_454c43-6f[data-kb-block=\"kb-adv-heading737_454c43-6f\"] mark.kt-highlight{font-style:normal;color:#f76a0c;-webkit-box-decoration-break:clone;box-decoration-break:clone;padding-top:0px;padding-right:0px;padding-bottom:0px;padding-left:0px;}<\/style>\n<h2 class=\"kt-adv-heading737_454c43-6f wp-block-kadence-advancedheading has-theme-palette-9-color has-text-color has-theme-palette-6-background-color has-background\" data-kb-block=\"kb-adv-heading737_454c43-6f\"><strong>Venir \u00e0 Baume les Messieurs<\/strong><\/h2>\n\n<style>.wp-block-kadence-advancedheading.kt-adv-heading737_a5dba5-cd, .wp-block-kadence-advancedheading.kt-adv-heading737_a5dba5-cd[data-kb-block=\"kb-adv-heading737_a5dba5-cd\"]{margin-bottom:var(--global-kb-spacing-xxs, 0.5rem);font-style:normal;}.wp-block-kadence-advancedheading.kt-adv-heading737_a5dba5-cd mark.kt-highlight, .wp-block-kadence-advancedheading.kt-adv-heading737_a5dba5-cd[data-kb-block=\"kb-adv-heading737_a5dba5-cd\"] mark.kt-highlight{font-style:normal;color:#f76a0c;-webkit-box-decoration-break:clone;box-decoration-break:clone;padding-top:0px;padding-right:0px;padding-bottom:0px;padding-left:0px;}<\/style>\n<p class=\"kt-adv-heading737_a5dba5-cd wp-block-kadence-advancedheading\" data-kb-block=\"kb-adv-heading737_a5dba5-cd\">A proximit\u00e9 imm\u00e9diate des Grottes de Baume, quelques merveilles vous attendent encore.<\/p>\n\n<ul class=\"wp-block-list\"><li>Le village de Baume<\/li>\n\n<li>L&rsquo;Abbaye<\/li>\n\n<li>La&nbsp;recul\u00e9e<\/li>\n\n<li>Cascade des tufs<\/li><\/ul>\n\n<style>.kb-image737_b5140e-76 .kb-image-has-overlay:after{opacity:0.3;}<\/style>\n<figure class=\"wp-block-kadence-image kb-image737_b5140e-76 size-full kb-image-is-ratio-size\"><div class=\"kb-is-ratio-image kb-image-ratio-land43\"><img loading=\"lazy\" decoding=\"async\" width=\"624\" height=\"624\" src=\"https:\/\/abbayebaumelesmessieurs.fr\/wp-content\/uploads\/sites\/3\/2024\/05\/r8.jpg\" alt=\"\" class=\"kb-img wp-image-363\" srcset=\"https:\/\/abbayebaumelesmessieurs.fr\/grottes\/wp-content\/uploads\/sites\/3\/2024\/05\/r8.jpg 624w, https:\/\/abbayebaumelesmessieurs.fr\/grottes\/wp-content\/uploads\/sites\/3\/2024\/05\/r8-300x300.jpg 300w, https:\/\/abbayebaumelesmessieurs.fr\/grottes\/wp-content\/uploads\/sites\/3\/2024\/05\/r8-100x100.jpg 100w, https:\/\/abbayebaumelesmessieurs.fr\/grottes\/wp-content\/uploads\/sites\/3\/2024\/05\/r8-485x485.jpg 485w, https:\/\/abbayebaumelesmessieurs.fr\/grottes\/wp-content\/uploads\/sites\/3\/2024\/05\/r8-150x150.jpg 150w, https:\/\/abbayebaumelesmessieurs.fr\/grottes\/wp-content\/uploads\/sites\/3\/2024\/05\/r8-500x500.jpg 500w\" sizes=\"auto, (max-width: 624px) 100vw, 624px\" \/><\/div><figcaption>Cascade des tufs<\/figcaption><\/figure>\n\n<p>Baume-les-Messieurs se trouve dans le d\u00e9partement du Jura (39) entre Dijon) Lyon et Gen\u00e8ve) 20 mn de l\u2019A39) sortie Lons-le-Saunier.<\/p>\n\n<style>.kb-image737_271e91-56 .kb-image-has-overlay:after{opacity:0.3;}<\/style>\n<figure class=\"wp-block-kadence-image kb-image737_271e91-56 size-large kb-image-is-ratio-size\"><div class=\"kb-is-ratio-image kb-image-ratio-land43\"><img loading=\"lazy\" decoding=\"async\" width=\"1024\" height=\"409\" src=\"https:\/\/abbayebaumelesmessieurs.fr\/wp-content\/uploads\/sites\/3\/2024\/05\/IMG_8550-001-1024x409.jpg\" alt=\"\" class=\"kb-img wp-image-291\" srcset=\"https:\/\/abbayebaumelesmessieurs.fr\/grottes\/wp-content\/uploads\/sites\/3\/2024\/05\/IMG_8550-001-1024x409.jpg 1024w, https:\/\/abbayebaumelesmessieurs.fr\/grottes\/wp-content\/uploads\/sites\/3\/2024\/05\/IMG_8550-001-485x194.jpg 485w, https:\/\/abbayebaumelesmessieurs.fr\/grottes\/wp-content\/uploads\/sites\/3\/2024\/05\/IMG_8550-001-300x120.jpg 300w, https:\/\/abbayebaumelesmessieurs.fr\/grottes\/wp-content\/uploads\/sites\/3\/2024\/05\/IMG_8550-001-768x307.jpg 768w, https:\/\/abbayebaumelesmessieurs.fr\/grottes\/wp-content\/uploads\/sites\/3\/2024\/05\/IMG_8550-001-1536x613.jpg 1536w, https:\/\/abbayebaumelesmessieurs.fr\/grottes\/wp-content\/uploads\/sites\/3\/2024\/05\/IMG_8550-001-500x200.jpg 500w, https:\/\/abbayebaumelesmessieurs.fr\/grottes\/wp-content\/uploads\/sites\/3\/2024\/05\/IMG_8550-001-800x320.jpg 800w, https:\/\/abbayebaumelesmessieurs.fr\/grottes\/wp-content\/uploads\/sites\/3\/2024\/05\/IMG_8550-001-1280x511.jpg 1280w, https:\/\/abbayebaumelesmessieurs.fr\/grottes\/wp-content\/uploads\/sites\/3\/2024\/05\/IMG_8550-001.jpg 1600w\" sizes=\"auto, (max-width: 1024px) 100vw, 1024px\" \/><\/div><figcaption>La\u00a0recul\u00e9e<\/figcaption><\/figure>\n\n<style>.wp-block-kadence-advancedheading.kt-adv-heading737_930dcb-b9, .wp-block-kadence-advancedheading.kt-adv-heading737_930dcb-b9[data-kb-block=\"kb-adv-heading737_930dcb-b9\"]{margin-bottom:var(--global-kb-spacing-xxs, 0.5rem);font-style:normal;}.wp-block-kadence-advancedheading.kt-adv-heading737_930dcb-b9 mark.kt-highlight, .wp-block-kadence-advancedheading.kt-adv-heading737_930dcb-b9[data-kb-block=\"kb-adv-heading737_930dcb-b9\"] mark.kt-highlight{font-style:normal;color:#f76a0c;-webkit-box-decoration-break:clone;box-decoration-break:clone;padding-top:0px;padding-right:0px;padding-bottom:0px;padding-left:0px;}<\/style>\n<p class=\"kt-adv-heading737_930dcb-b9 wp-block-kadence-advancedheading\" data-kb-block=\"kb-adv-heading737_930dcb-b9\"><strong>En voiture<\/strong><\/p>\n\n<ul class=\"wp-block-list\"><li>A 20 mn de l\u2019A39<\/li>\n\n<li>A 15 min de LONS LE SAUNIER<\/li>\n\n<li>A 1h10 de DIJON<\/li>\n\n<li>A 1h 20 de BESANCON<\/li>\n\n<li>A 2h de LYON <\/li>\n\n<li>2h10 de GENEVE<\/li><\/ul>\n\n<style>.wp-block-kadence-advancedheading.kt-adv-heading737_794bc4-6b, .wp-block-kadence-advancedheading.kt-adv-heading737_794bc4-6b[data-kb-block=\"kb-adv-heading737_794bc4-6b\"]{margin-bottom:var(--global-kb-spacing-xxs, 0.5rem);font-style:normal;}.wp-block-kadence-advancedheading.kt-adv-heading737_794bc4-6b mark.kt-highlight, .wp-block-kadence-advancedheading.kt-adv-heading737_794bc4-6b[data-kb-block=\"kb-adv-heading737_794bc4-6b\"] mark.kt-highlight{font-style:normal;color:#f76a0c;-webkit-box-decoration-break:clone;box-decoration-break:clone;padding-top:0px;padding-right:0px;padding-bottom:0px;padding-left:0px;}<\/style>\n<p class=\"kt-adv-heading737_794bc4-6b wp-block-kadence-advancedheading\" data-kb-block=\"kb-adv-heading737_794bc4-6b\"><strong>En train<\/strong><\/p>\n\n<p>Gare TER de LONS LE SAUNIER \u00e0 15 min<\/p>\n\n<style>.wp-block-kadence-advancedheading.kt-adv-heading737_3af564-65, .wp-block-kadence-advancedheading.kt-adv-heading737_3af564-65[data-kb-block=\"kb-adv-heading737_3af564-65\"]{margin-bottom:var(--global-kb-spacing-xxs, 0.5rem);font-style:normal;}.wp-block-kadence-advancedheading.kt-adv-heading737_3af564-65 mark.kt-highlight, .wp-block-kadence-advancedheading.kt-adv-heading737_3af564-65[data-kb-block=\"kb-adv-heading737_3af564-65\"] mark.kt-highlight{font-style:normal;color:#f76a0c;-webkit-box-decoration-break:clone;box-decoration-break:clone;padding-top:0px;padding-right:0px;padding-bottom:0px;padding-left:0px;}<\/style>\n<p class=\"kt-adv-heading737_3af564-65 wp-block-kadence-advancedheading\" data-kb-block=\"kb-adv-heading737_3af564-65\"><strong>Parking<\/strong><\/p>\n\n<p>Les parkings du village et des grottes sont gratuits<\/p><\/div><\/div>\n<\/div><\/div><p><\/p>","protected":false},"excerpt":{"rendered":"<p>Les alentours BoutiqueD\u00e9couvrez notre boutique et emportez un souvenir avec vous. Vous y trouverez de nombreuses cr\u00e9ations locales ainsi que des articles en rapport avec nos amis les chauves-souris. Restauration\/barN\u2019h\u00e9sitez pas \u00e0 venir boire un verre, manger une glace et profiter de notre terrasse en attendant votre visite. Si vous avez une petite faim, ne&#8230;<\/p>\n","protected":false},"author":3,"featured_media":0,"parent":0,"menu_order":0,"comment_status":"closed","ping_status":"closed","template":"","meta":{"_kadence_starter_templates_imported_post":false,"_kad_post_transparent":"","_kad_post_title":"","_kad_post_layout":"","_kad_post_sidebar_id":"","_kad_post_content_style":"","_kad_post_vertical_padding":"","_kad_post_feature":"","_kad_post_feature_position":"","_kad_post_header":false,"_kad_post_footer":false,"footnotes":""},"class_list":["post-737","page","type-page","status-publish","hentry"],"_links":{"self":[{"href":"https:\/\/abbayebaumelesmessieurs.fr\/grottes\/wp-json\/wp\/v2\/pages\/737","targetHints":{"allow":["GET"]}}],"collection":[{"href":"https:\/\/abbayebaumelesmessieurs.fr\/grottes\/wp-json\/wp\/v2\/pages"}],"about":[{"href":"https:\/\/abbayebaumelesmessieurs.fr\/grottes\/wp-json\/wp\/v2\/types\/page"}],"author":[{"embeddable":true,"href":"https:\/\/abbayebaumelesmessieurs.fr\/grottes\/wp-json\/wp\/v2\/users\/3"}],"replies":[{"embeddable":true,"href":"https:\/\/abbayebaumelesmessieurs.fr\/grottes\/wp-json\/wp\/v2\/comments?post=737"}],"version-history":[{"count":19,"href":"https:\/\/abbayebaumelesmessieurs.fr\/grottes\/wp-json\/wp\/v2\/pages\/737\/revisions"}],"predecessor-version":[{"id":989,"href":"https:\/\/abbayebaumelesmessieurs.fr\/grottes\/wp-json\/wp\/v2\/pages\/737\/revisions\/989"}],"wp:attachment":[{"href":"https:\/\/abbayebaumelesmessieurs.fr\/grottes\/wp-json\/wp\/v2\/media?parent=737"}],"curies":[{"name":"wp","href":"https:\/\/api.w.org\/{rel}","templated":true}]}}